{"id":29405,"date":"2021-09-29T14:22:20","date_gmt":"2021-09-29T12:22:20","guid":{"rendered":"https:\/\/www.labulleworkplace.com\/?page_id=29405"},"modified":"2023-10-10T14:55:19","modified_gmt":"2023-10-10T12:55:19","slug":"request-a-quote","status":"publish","type":"page","link":"https:\/\/www.labulleworkplace.com\/en\/request-a-quote\/","title":{"rendered":"Request a quote"},"content":{"rendered":"<div class=\"fusion-fullwidth fullwidth-box fusion-builder-row-1 nonhundred-percent-fullwidth non-hundred-percent-height-scrolling\" style=\"--awb-border-radius-top-left:0px;--awb-border-radius-top-right:0px;--awb-border-radius-bottom-right:0px;--awb-border-radius-bottom-left:0px;--awb-flex-wrap:wrap;\" ><div class=\"fusion-builder-row fusion-row\"><div class=\"fusion-layout-column fusion_builder_column fusion-builder-column-0 fusion_builder_column_1_5 1_5 fusion-one-fifth fusion-column-first\" style=\"--awb-bg-size:cover;width:20%;width:calc(20% - ( ( 4% + 4% ) * 0.2 ) );margin-right: 4%;\"><div class=\"fusion-column-wrapper fusion-flex-column-wrapper-legacy\"><div class=\"fusion-clearfix\"><\/div><\/div><\/div><div class=\"fusion-layout-column fusion_builder_column fusion-builder-column-1 fusion_builder_column_3_5 3_5 fusion-three-fifth\" style=\"--awb-bg-size:cover;width:60%;width:calc(60% - ( ( 4% + 4% ) * 0.6 ) );margin-right: 4%;\"><div class=\"fusion-column-wrapper fusion-flex-column-wrapper-legacy\"><div class=\"fusion-text fusion-text-1\">\n<div class=\"wpcf7 no-js\" id=\"wpcf7-f32999-o1\" lang=\"en-US\" dir=\"ltr\" data-wpcf7-id=\"32999\">\n<div class=\"screen-reader-response\"><p role=\"status\" aria-live=\"polite\" aria-atomic=\"true\"><\/p> <ul><\/ul><\/div>\n<form action=\"\/en\/wp-json\/wp\/v2\/pages\/29405#wpcf7-f32999-o1\" method=\"post\" class=\"wpcf7-form init\" aria-label=\"Contact form\" novalidate=\"novalidate\" data-status=\"init\">\n<fieldset class=\"hidden-fields-container\"><input type=\"hidden\" name=\"_wpcf7\" value=\"32999\" \/><input type=\"hidden\" name=\"_wpcf7_version\" value=\"6.1.5\" \/><input type=\"hidden\" name=\"_wpcf7_locale\" value=\"en_US\" \/><input type=\"hidden\" name=\"_wpcf7_unit_tag\" value=\"wpcf7-f32999-o1\" \/><input type=\"hidden\" name=\"_wpcf7_container_post\" value=\"0\" \/><input type=\"hidden\" name=\"_wpcf7_posted_data_hash\" value=\"\" \/><input type=\"hidden\" name=\"_wpcf7_recaptcha_response\" value=\"\" \/>\n<\/fieldset>\n<p><label>Event<br \/>\n<span class=\"wpcf7-form-control-wrap\" data-name=\"evenement\"><select class=\"wpcf7-form-control wpcf7-select\" aria-invalid=\"false\" name=\"evenement\"><option value=\"\">&#8212;Please choose an option&#8212;<\/option><option value=\"Seminar\">Seminar<\/option><option value=\"Board Meeting\">Board Meeting<\/option><option value=\"Conference\">Conference<\/option><option value=\"Meeting\">Meeting<\/option><option value=\"Training Session\">Training Session<\/option><option value=\"Workshop\">Workshop<\/option><\/select><\/span><\/label><label>Date<br \/>\n<span class=\"wpcf7-form-control-wrap\" data-name=\"date-252\"><input class=\"wpcf7-form-control wpcf7-date wpcf7-validates-as-date\" aria-invalid=\"false\" placeholder=\"Date\" value=\"\" type=\"date\" name=\"date-252\" \/><\/span><\/label><label>Number of participants*<br \/>\n<span class=\"wpcf7-form-control-wrap\" data-name=\"nombre-personne\"><input class=\"wpcf7-form-control wpcf7-number wpcf7-validates-as-required wpcf7-validates-as-number\" aria-required=\"true\" aria-invalid=\"false\" placeholder=\"Number of participants*\" value=\"\" type=\"number\" name=\"nombre-personne\" \/><\/span><\/label><label>Duration*<br \/>\n<span class=\"wpcf7-form-control-wrap\" data-name=\"duree\"><select class=\"wpcf7-form-control wpcf7-select wpcf7-validates-as-required\" aria-required=\"true\" aria-invalid=\"false\" name=\"duree\"><option value=\"\">&#8212;Please choose an option&#8212;<\/option><option value=\"Beforework\">Beforework<\/option><option value=\"Half day\">Half day<\/option><option value=\"Full day\">Full day<\/option><option value=\"Afterwork\">Afterwork<\/option><\/select><\/span><\/label><label> First name*<br \/>\n<span class=\"wpcf7-form-control-wrap\" data-name=\"prenom\"><input size=\"40\" maxlength=\"400\" class=\"wpcf7-form-control wpcf7-text wpcf7-validates-as-required\" aria-required=\"true\" aria-invalid=\"false\" placeholder=\"First Name*\" value=\"\" type=\"text\" name=\"prenom\" \/><\/span><\/label><label>Last name*<br \/>\n<span class=\"wpcf7-form-control-wrap\" data-name=\"nom\"><input size=\"40\" maxlength=\"400\" class=\"wpcf7-form-control wpcf7-text wpcf7-validates-as-required\" aria-required=\"true\" aria-invalid=\"false\" placeholder=\"Last name*\" value=\"\" type=\"text\" name=\"nom\" \/><\/span><\/label><label>Company*<br \/>\n<span class=\"wpcf7-form-control-wrap\" data-name=\"entreprise\"><input size=\"40\" maxlength=\"400\" class=\"wpcf7-form-control wpcf7-text wpcf7-validates-as-required\" aria-required=\"true\" aria-invalid=\"false\" placeholder=\"Company*\" value=\"\" type=\"text\" name=\"entreprise\" \/><\/span><\/label><label> Email*<br \/>\n<span class=\"wpcf7-form-control-wrap\" data-name=\"email-349\"><input size=\"40\" maxlength=\"400\" class=\"wpcf7-form-control wpcf7-email wpcf7-validates-as-required wpcf7-text wpcf7-validates-as-email\" aria-required=\"true\" aria-invalid=\"false\" placeholder=\"Email*\" value=\"\" type=\"email\" name=\"email-349\" \/><\/span><\/label><label>Phone number*<br \/>\n<span class=\"wpcf7-form-control-wrap\" data-name=\"tel-15\"><input size=\"40\" maxlength=\"400\" class=\"wpcf7-form-control wpcf7-tel wpcf7-validates-as-required wpcf7-text wpcf7-validates-as-tel\" aria-required=\"true\" aria-invalid=\"false\" placeholder=\"Phone number*\" value=\"\" type=\"tel\" name=\"tel-15\" \/><\/span><\/label><label>Comment<br \/>\n<span class=\"wpcf7-form-control-wrap\" data-name=\"textarea-22\"><textarea cols=\"40\" rows=\"10\" maxlength=\"2000\" class=\"wpcf7-form-control wpcf7-textarea\" aria-invalid=\"false\" placeholder=\"Comment\" name=\"textarea-22\"><\/textarea><\/span><\/label><br \/>\n<span class=\"wpcf7-form-control-wrap\" data-name=\"acceptance-739\"><span class=\"wpcf7-form-control wpcf7-acceptance\"><span class=\"wpcf7-list-item\"><label><input type=\"checkbox\" name=\"acceptance-739\" value=\"1\" aria-invalid=\"false\" \/><span class=\"wpcf7-list-item-label\">* I understand and I agree that my data are used to give an answer to my request. The data will not be used for commercial purposes according to our personal data management.<\/span><\/label><\/span><\/span><\/span><br \/>\n<input class=\"wpcf7-form-control wpcf7-submit has-spinner\" type=\"submit\" value=\"Send\" \/><button type=\"reset\" class=\"btreset\"><i class=\"fa fa-refresh\"><\/i><\/button>\n<\/p><p style=\"display: none !important;\" class=\"akismet-fields-container\" data-prefix=\"_wpcf7_ak_\"><label>&#916;<textarea name=\"_wpcf7_ak_hp_textarea\" cols=\"45\" rows=\"8\" maxlength=\"100\"><\/textarea><\/label><input type=\"hidden\" id=\"ak_js_1\" name=\"_wpcf7_ak_js\" value=\"188\"\/><script type=\"text\/javascript\">\n\/* <![CDATA[ *\/\ndocument.getElementById( \"ak_js_1\" ).setAttribute( \"value\", ( new Date() ).getTime() );\n\/* ]]> *\/\n<\/script>\n<\/p><div class=\"fusion-alert alert custom alert-custom fusion-alert-center wpcf7-response-output fusion-alert-capitalize awb-alert-native-link-color alert-dismissable awb-alert-close-boxed\" style=\"--awb-border-top-left-radius:0px;--awb-border-top-right-radius:0px;--awb-border-bottom-left-radius:0px;--awb-border-bottom-right-radius:0px;\" role=\"alert\"><div class=\"fusion-alert-content-wrapper\"><span class=\"fusion-alert-content\"><\/span><\/div><button type=\"button\" class=\"close toggle-alert\" data-dismiss=\"alert\" aria-label=\"Close\">&times;<\/button><\/div>\n<\/form>\n<\/div>\n\n<p>*Please take the time to give us this obligatory information which is necessary for the efficient processing of your request, thank you.<\/p>\n<p><em>You have the right to access and rectify your personal information. If you\u00a0would\u00a0like\u00a0to\u00a0exercise\u00a0this right and\u00a0obtain\u00a0access to information that concerns\u00a0you,\u00a0please write to\u00a0<a href=\"mailto:bonjour@labulleworkplace.com\">bonjour@labulleworkplace.com<\/a>. Know more about your <a href=\"https:\/\/www.labulleworkplace.com\/en\/mentions-legales\/\">privacy policy<\/a>.<\/em><\/p>\n<\/div><div class=\"fusion-clearfix\"><\/div><\/div><\/div><div class=\"fusion-layout-column fusion_builder_column fusion-builder-column-2 fusion_builder_column_1_5 1_5 fusion-one-fifth fusion-column-last\" style=\"--awb-bg-size:cover;width:20%;width:calc(20% - ( ( 4% + 4% ) * 0.2 ) );\"><div class=\"fusion-column-wrapper fusion-flex-column-wrapper-legacy\"><div class=\"fusion-clearfix\"><\/div><\/div><\/div><\/div><\/div>\n","protected":false},"excerpt":{"rendered":"","protected":false},"author":1,"featured_media":0,"parent":0,"menu_order":0,"comment_status":"closed","ping_status":"closed","template":"","meta":{"footnotes":""},"class_list":["post-29405","page","type-page","status-publish","hentry"],"yoast_head":"<!-- This site is optimized with the Yoast SEO plugin v27.5 - https:\/\/yoast.com\/product\/yoast-seo-wordpress\/ -->\n<title>Request a quote &#8211; La Bulle workplace<\/title>\n<meta name=\"description\" content=\"La Bulle Workplace est un lieu de s\u00e9minaire et d\u2019\u00e9v\u00e9nements atypiques. Nos espaces vous r\u00e9servent des surprises pour stimuler et inspirer vos r\u00e9unions et faire le plein d\u2019\u00e9nergie positive !\" \/>\n<meta name=\"robots\" content=\"index, follow, max-snippet:-1, max-image-preview:large, max-video-preview:-1\" \/>\n<link rel=\"canonical\" href=\"https:\/\/www.labulleworkplace.com\/en\/request-a-quote\/\" \/>\n<meta property=\"og:locale\" content=\"en_US\" \/>\n<meta property=\"og:type\" content=\"article\" \/>\n<meta property=\"og:title\" content=\"Request a quote &#8211; La Bulle workplace\" \/>\n<meta property=\"og:description\" content=\"La Bulle Workplace est un lieu de s\u00e9minaire et d\u2019\u00e9v\u00e9nements atypiques. Nos espaces vous r\u00e9servent des surprises pour stimuler et inspirer vos r\u00e9unions et faire le plein d\u2019\u00e9nergie positive !\" \/>\n<meta property=\"og:url\" content=\"https:\/\/www.labulleworkplace.com\/en\/request-a-quote\/\" \/>\n<meta property=\"og:site_name\" content=\"La Bulle workplace\" \/>\n<meta property=\"article:publisher\" content=\"https:\/\/www.facebook.com\/La-Bulle-Workplace-1918515781758632\/\" \/>\n<meta property=\"article:modified_time\" content=\"2023-10-10T12:55:19+00:00\" \/>\n<meta property=\"og:image\" content=\"https:\/\/www.labulleworkplace.com\/wp-content\/uploads\/2021\/03\/slider-home-01-seminaire-lyon-live-streaming.jpg\" \/>\n\t<meta property=\"og:image:width\" content=\"1400\" \/>\n\t<meta property=\"og:image:height\" content=\"647\" \/>\n\t<meta property=\"og:image:type\" content=\"image\/jpeg\" \/>\n<meta name=\"twitter:card\" content=\"summary_large_image\" \/>\n<meta name=\"twitter:label1\" content=\"Est. reading time\" \/>\n\t<meta name=\"twitter:data1\" content=\"2 minutes\" \/>\n<script type=\"application\/ld+json\" class=\"yoast-schema-graph\">{\"@context\":\"https:\\\/\\\/schema.org\",\"@graph\":[{\"@type\":\"WebPage\",\"@id\":\"https:\\\/\\\/www.labulleworkplace.com\\\/en\\\/request-a-quote\\\/\",\"url\":\"https:\\\/\\\/www.labulleworkplace.com\\\/en\\\/request-a-quote\\\/\",\"name\":\"Request a quote &#8211; La Bulle workplace\",\"isPartOf\":{\"@id\":\"https:\\\/\\\/www.labulleworkplace.com\\\/#website\"},\"datePublished\":\"2021-09-29T12:22:20+00:00\",\"dateModified\":\"2023-10-10T12:55:19+00:00\",\"description\":\"La Bulle Workplace est un lieu de s\u00e9minaire et d\u2019\u00e9v\u00e9nements atypiques. Nos espaces vous r\u00e9servent des surprises pour stimuler et inspirer vos r\u00e9unions et faire le plein d\u2019\u00e9nergie positive !\",\"breadcrumb\":{\"@id\":\"https:\\\/\\\/www.labulleworkplace.com\\\/en\\\/request-a-quote\\\/#breadcrumb\"},\"inLanguage\":\"en-US\",\"potentialAction\":[{\"@type\":\"ReadAction\",\"target\":[\"https:\\\/\\\/www.labulleworkplace.com\\\/en\\\/request-a-quote\\\/\"]}]},{\"@type\":\"BreadcrumbList\",\"@id\":\"https:\\\/\\\/www.labulleworkplace.com\\\/en\\\/request-a-quote\\\/#breadcrumb\",\"itemListElement\":[{\"@type\":\"ListItem\",\"position\":1,\"name\":\"Accueil\",\"item\":\"https:\\\/\\\/www.labulleworkplace.com\\\/en\\\/\"},{\"@type\":\"ListItem\",\"position\":2,\"name\":\"Request a quote\"}]},{\"@type\":\"WebSite\",\"@id\":\"https:\\\/\\\/www.labulleworkplace.com\\\/#website\",\"url\":\"https:\\\/\\\/www.labulleworkplace.com\\\/\",\"name\":\"La Bulle workplace\",\"description\":\"Just another WordPress site\",\"publisher\":{\"@id\":\"https:\\\/\\\/www.labulleworkplace.com\\\/#organization\"},\"potentialAction\":[{\"@type\":\"SearchAction\",\"target\":{\"@type\":\"EntryPoint\",\"urlTemplate\":\"https:\\\/\\\/www.labulleworkplace.com\\\/?s={search_term_string}\"},\"query-input\":{\"@type\":\"PropertyValueSpecification\",\"valueRequired\":true,\"valueName\":\"search_term_string\"}}],\"inLanguage\":\"en-US\"},{\"@type\":\"Organization\",\"@id\":\"https:\\\/\\\/www.labulleworkplace.com\\\/#organization\",\"name\":\"La Bulle Workplace\",\"url\":\"https:\\\/\\\/www.labulleworkplace.com\\\/\",\"logo\":{\"@type\":\"ImageObject\",\"inLanguage\":\"en-US\",\"@id\":\"https:\\\/\\\/www.labulleworkplace.com\\\/#\\\/schema\\\/logo\\\/image\\\/\",\"url\":\"https:\\\/\\\/www.labulleworkplace.com\\\/wp-content\\\/uploads\\\/2017\\\/10\\\/logo-labulle-224x261-1.gif\",\"contentUrl\":\"https:\\\/\\\/www.labulleworkplace.com\\\/wp-content\\\/uploads\\\/2017\\\/10\\\/logo-labulle-224x261-1.gif\",\"width\":224,\"height\":261,\"caption\":\"La Bulle Workplace\"},\"image\":{\"@id\":\"https:\\\/\\\/www.labulleworkplace.com\\\/#\\\/schema\\\/logo\\\/image\\\/\"},\"sameAs\":[\"https:\\\/\\\/www.facebook.com\\\/La-Bulle-Workplace-1918515781758632\\\/\",\"https:\\\/\\\/www.instagram.com\\\/labulleworkplace\\\/\",\"https:\\\/\\\/www.linkedin.com\\\/company\\\/11254312\\\/\"]}]}<\/script>\n<!-- \/ Yoast SEO plugin. -->","yoast_head_json":{"title":"Request a quote &#8211; La Bulle workplace","description":"La Bulle Workplace est un lieu de s\u00e9minaire et d\u2019\u00e9v\u00e9nements atypiques. Nos espaces vous r\u00e9servent des surprises pour stimuler et inspirer vos r\u00e9unions et faire le plein d\u2019\u00e9nergie positive !","robots":{"index":"index","follow":"follow","max-snippet":"max-snippet:-1","max-image-preview":"max-image-preview:large","max-video-preview":"max-video-preview:-1"},"canonical":"https:\/\/www.labulleworkplace.com\/en\/request-a-quote\/","og_locale":"en_US","og_type":"article","og_title":"Request a quote &#8211; La Bulle workplace","og_description":"La Bulle Workplace est un lieu de s\u00e9minaire et d\u2019\u00e9v\u00e9nements atypiques. Nos espaces vous r\u00e9servent des surprises pour stimuler et inspirer vos r\u00e9unions et faire le plein d\u2019\u00e9nergie positive !","og_url":"https:\/\/www.labulleworkplace.com\/en\/request-a-quote\/","og_site_name":"La Bulle workplace","article_publisher":"https:\/\/www.facebook.com\/La-Bulle-Workplace-1918515781758632\/","article_modified_time":"2023-10-10T12:55:19+00:00","og_image":[{"width":1400,"height":647,"url":"https:\/\/www.labulleworkplace.com\/wp-content\/uploads\/2021\/03\/slider-home-01-seminaire-lyon-live-streaming.jpg","type":"image\/jpeg"}],"twitter_card":"summary_large_image","twitter_misc":{"Est. reading time":"2 minutes"},"schema":{"@context":"https:\/\/schema.org","@graph":[{"@type":"WebPage","@id":"https:\/\/www.labulleworkplace.com\/en\/request-a-quote\/","url":"https:\/\/www.labulleworkplace.com\/en\/request-a-quote\/","name":"Request a quote &#8211; La Bulle workplace","isPartOf":{"@id":"https:\/\/www.labulleworkplace.com\/#website"},"datePublished":"2021-09-29T12:22:20+00:00","dateModified":"2023-10-10T12:55:19+00:00","description":"La Bulle Workplace est un lieu de s\u00e9minaire et d\u2019\u00e9v\u00e9nements atypiques. Nos espaces vous r\u00e9servent des surprises pour stimuler et inspirer vos r\u00e9unions et faire le plein d\u2019\u00e9nergie positive !","breadcrumb":{"@id":"https:\/\/www.labulleworkplace.com\/en\/request-a-quote\/#breadcrumb"},"inLanguage":"en-US","potentialAction":[{"@type":"ReadAction","target":["https:\/\/www.labulleworkplace.com\/en\/request-a-quote\/"]}]},{"@type":"BreadcrumbList","@id":"https:\/\/www.labulleworkplace.com\/en\/request-a-quote\/#breadcrumb","itemListElement":[{"@type":"ListItem","position":1,"name":"Accueil","item":"https:\/\/www.labulleworkplace.com\/en\/"},{"@type":"ListItem","position":2,"name":"Request a quote"}]},{"@type":"WebSite","@id":"https:\/\/www.labulleworkplace.com\/#website","url":"https:\/\/www.labulleworkplace.com\/","name":"La Bulle workplace","description":"Just another WordPress site","publisher":{"@id":"https:\/\/www.labulleworkplace.com\/#organization"},"potentialAction":[{"@type":"SearchAction","target":{"@type":"EntryPoint","urlTemplate":"https:\/\/www.labulleworkplace.com\/?s={search_term_string}"},"query-input":{"@type":"PropertyValueSpecification","valueRequired":true,"valueName":"search_term_string"}}],"inLanguage":"en-US"},{"@type":"Organization","@id":"https:\/\/www.labulleworkplace.com\/#organization","name":"La Bulle Workplace","url":"https:\/\/www.labulleworkplace.com\/","logo":{"@type":"ImageObject","inLanguage":"en-US","@id":"https:\/\/www.labulleworkplace.com\/#\/schema\/logo\/image\/","url":"https:\/\/www.labulleworkplace.com\/wp-content\/uploads\/2017\/10\/logo-labulle-224x261-1.gif","contentUrl":"https:\/\/www.labulleworkplace.com\/wp-content\/uploads\/2017\/10\/logo-labulle-224x261-1.gif","width":224,"height":261,"caption":"La Bulle Workplace"},"image":{"@id":"https:\/\/www.labulleworkplace.com\/#\/schema\/logo\/image\/"},"sameAs":["https:\/\/www.facebook.com\/La-Bulle-Workplace-1918515781758632\/","https:\/\/www.instagram.com\/labulleworkplace\/","https:\/\/www.linkedin.com\/company\/11254312\/"]}]}},"_links":{"self":[{"href":"https:\/\/www.labulleworkplace.com\/en\/wp-json\/wp\/v2\/pages\/29405","targetHints":{"allow":["GET"]}}],"collection":[{"href":"https:\/\/www.labulleworkplace.com\/en\/wp-json\/wp\/v2\/pages"}],"about":[{"href":"https:\/\/www.labulleworkplace.com\/en\/wp-json\/wp\/v2\/types\/page"}],"author":[{"embeddable":true,"href":"https:\/\/www.labulleworkplace.com\/en\/wp-json\/wp\/v2\/users\/1"}],"replies":[{"embeddable":true,"href":"https:\/\/www.labulleworkplace.com\/en\/wp-json\/wp\/v2\/comments?post=29405"}],"version-history":[{"count":2,"href":"https:\/\/www.labulleworkplace.com\/en\/wp-json\/wp\/v2\/pages\/29405\/revisions"}],"predecessor-version":[{"id":32823,"href":"https:\/\/www.labulleworkplace.com\/en\/wp-json\/wp\/v2\/pages\/29405\/revisions\/32823"}],"wp:attachment":[{"href":"https:\/\/www.labulleworkplace.com\/en\/wp-json\/wp\/v2\/media?parent=29405"}],"curies":[{"name":"wp","href":"https:\/\/api.w.org\/{rel}","templated":true}]}}