{"id":29296,"date":"2021-09-29T09:49:07","date_gmt":"2021-09-29T07:49:07","guid":{"rendered":"https:\/\/www.labulleworkplace.com\/?page_id=29296"},"modified":"2023-10-30T13:41:07","modified_gmt":"2023-10-30T12:41:07","slug":"contact","status":"publish","type":"page","link":"https:\/\/www.labulleworkplace.com\/en\/contact\/","title":{"rendered":"Contact"},"content":{"rendered":"<p><div class=\"fusion-fullwidth fullwidth-box fusion-builder-row-1 nonhundred-percent-fullwidth non-hundred-percent-height-scrolling\" style=\"--awb-border-radius-top-left:0px;--awb-border-radius-top-right:0px;--awb-border-radius-bottom-right:0px;--awb-border-radius-bottom-left:0px;--awb-flex-wrap:wrap;\" ><div class=\"fusion-builder-row fusion-row\"><div class=\"fusion-layout-column fusion_builder_column fusion-builder-column-0 fusion_builder_column_1_4 1_4 fusion-one-fourth fusion-column-first\" style=\"--awb-bg-size:cover;width:25%;width:calc(25% - ( ( 4% ) * 0.25 ) );margin-right: 4%;\"><div class=\"fusion-column-wrapper fusion-flex-column-wrapper-legacy\"><div class=\"fusion-text fusion-text-1\"><h2>La Bulle Workplace<\/h2>\n<p><strong>3 rue F\u00e9nelon<\/strong><br \/>\n<strong>69006 LYON<\/strong><\/p>\n<p>T\u00e9l. : <a href=\"tel:+33478657982\">04 78 65 79 82<\/a><br \/>\nPort. : 06 69 03 21 54<\/p>\n<p><a href=\"mailto:bonjour@labulleworkplace.com\">bonjour@labulleworkplace.com<\/a><\/p>\n<\/div><div class=\"fusion-image-element in-legacy-container\" style=\"--awb-caption-title-font-family:var(--h2_typography-font-family);--awb-caption-title-font-weight:var(--h2_typography-font-weight);--awb-caption-title-font-style:var(--h2_typography-font-style);--awb-caption-title-size:var(--h2_typography-font-size);--awb-caption-title-transform:var(--h2_typography-text-transform);--awb-caption-title-line-height:var(--h2_typography-line-height);--awb-caption-title-letter-spacing:var(--h2_typography-letter-spacing);\"><span class=\" fusion-imageframe imageframe-none imageframe-1 hover-type-none\"><img decoding=\"async\" src=\"https:\/\/www.labulleworkplace.com\/wp-content\/uploads\/2017\/11\/bienvenue-la-bulle-worplace.jpg\" alt class=\"img-responsive\"\/><\/span><\/div><div class=\"fusion-clearfix\"><\/div><\/div><\/div><div class=\"fusion-layout-column fusion_builder_column fusion-builder-column-1 fusion_builder_column_3_4 3_4 fusion-three-fourth fusion-column-last\" style=\"--awb-bg-size:cover;width:75%;width:calc(75% - ( ( 4% ) * 0.75 ) );\"><div class=\"fusion-column-wrapper fusion-flex-column-wrapper-legacy\"><div class=\"fusion-text fusion-text-2\">\n<div class=\"wpcf7 no-js\" id=\"wpcf7-f861-o1\" lang=\"fr-FR\" dir=\"ltr\" data-wpcf7-id=\"861\">\n<div class=\"screen-reader-response\"><p role=\"status\" aria-live=\"polite\" aria-atomic=\"true\"><\/p> <ul><\/ul><\/div>\n<form action=\"\/en\/wp-json\/wp\/v2\/pages\/29296#wpcf7-f861-o1\" method=\"post\" class=\"wpcf7-form init\" aria-label=\"Formulaire de contact\" novalidate=\"novalidate\" data-status=\"init\">\n<fieldset class=\"hidden-fields-container\"><input type=\"hidden\" name=\"_wpcf7\" value=\"861\" \/><input type=\"hidden\" name=\"_wpcf7_version\" value=\"6.1.5\" \/><input type=\"hidden\" name=\"_wpcf7_locale\" value=\"fr_FR\" \/><input type=\"hidden\" name=\"_wpcf7_unit_tag\" value=\"wpcf7-f861-o1\" \/><input type=\"hidden\" name=\"_wpcf7_container_post\" value=\"0\" \/><input type=\"hidden\" name=\"_wpcf7_posted_data_hash\" value=\"\" \/><input type=\"hidden\" name=\"_wpcf7_recaptcha_response\" value=\"\" \/>\n<\/fieldset>\n<p><label> First name*<br \/>\n<span class=\"wpcf7-form-control-wrap\" data-name=\"prenom\"><input size=\"40\" maxlength=\"400\" class=\"wpcf7-form-control wpcf7-text wpcf7-validates-as-required\" aria-required=\"true\" aria-invalid=\"false\" placeholder=\"First name*\" value=\"\" type=\"text\" name=\"prenom\" \/><\/span><\/label><label>Last name*<br \/>\n<span class=\"wpcf7-form-control-wrap\" data-name=\"nom\"><input size=\"40\" maxlength=\"400\" class=\"wpcf7-form-control wpcf7-text wpcf7-validates-as-required\" aria-required=\"true\" aria-invalid=\"false\" placeholder=\"Last name*\" value=\"\" type=\"text\" name=\"nom\" \/><\/span><\/label><label>Company*<br \/>\n<span class=\"wpcf7-form-control-wrap\" data-name=\"entreprise\"><input size=\"40\" maxlength=\"400\" class=\"wpcf7-form-control wpcf7-text wpcf7-validates-as-required\" aria-required=\"true\" aria-invalid=\"false\" placeholder=\"Company*\" value=\"\" type=\"text\" name=\"entreprise\" \/><\/span><\/label><label> Email*<br \/>\n<span class=\"wpcf7-form-control-wrap\" data-name=\"email-349\"><input size=\"40\" maxlength=\"400\" class=\"wpcf7-form-control wpcf7-email wpcf7-validates-as-required wpcf7-text wpcf7-validates-as-email\" aria-required=\"true\" aria-invalid=\"false\" placeholder=\"Email*\" value=\"\" type=\"email\" name=\"email-349\" \/><\/span><\/label><label>T\u00e9l\u00e9phone*<br \/>\n<span class=\"wpcf7-form-control-wrap\" data-name=\"tel-15\"><input size=\"40\" maxlength=\"400\" class=\"wpcf7-form-control wpcf7-tel wpcf7-validates-as-required wpcf7-text wpcf7-validates-as-tel\" aria-required=\"true\" aria-invalid=\"false\" placeholder=\"Telephone*\" value=\"\" type=\"tel\" name=\"tel-15\" \/><\/span><\/label><label>Subject<br \/>\n<span class=\"wpcf7-form-control-wrap\" data-name=\"menu-objet\"><select class=\"wpcf7-form-control wpcf7-select wpcf7-validates-as-required objet\" id=\"objet\" aria-required=\"true\" aria-invalid=\"false\" name=\"menu-objet\"><option value=\"Quick Enquiry\">Quick Enquiry<\/option><option value=\"Request a quote\">Request a quote<\/option><option value=\"Make contact\">Make contact<\/option><\/select><\/span><\/label><label>Comments<br \/>\n<span class=\"wpcf7-form-control-wrap\" data-name=\"textarea-22\"><textarea cols=\"40\" rows=\"10\" maxlength=\"2000\" class=\"wpcf7-form-control wpcf7-textarea\" aria-invalid=\"false\" placeholder=\"Comments\" name=\"textarea-22\"><\/textarea><\/span><\/label><br \/>\n<span class=\"wpcf7-form-control-wrap\" data-name=\"acceptance-739\"><span class=\"wpcf7-form-control wpcf7-acceptance\"><span class=\"wpcf7-list-item\"><label><input type=\"checkbox\" name=\"acceptance-739\" value=\"1\" aria-invalid=\"false\" \/><span class=\"wpcf7-list-item-label\">* I understand and I agree that my data are used to give an answer to my request. The data will not be used for commercial purposes according to our personal data management.<\/span><\/label><\/span><\/span><\/span><br \/>\n<input class=\"wpcf7-form-control wpcf7-submit has-spinner\" type=\"submit\" value=\"Send\" \/><button type=\"reset\" class=\"btreset\" title=\"Delete\"><i class=\"fa fa-refresh\"><\/i><\/button>\n<\/p><p style=\"display: none !important;\" class=\"akismet-fields-container\" data-prefix=\"_wpcf7_ak_\"><label>&#916;<textarea name=\"_wpcf7_ak_hp_textarea\" cols=\"45\" rows=\"8\" maxlength=\"100\"><\/textarea><\/label><input type=\"hidden\" id=\"ak_js_1\" name=\"_wpcf7_ak_js\" value=\"209\"\/><script>document.getElementById( \"ak_js_1\" ).setAttribute( \"value\", ( new Date() ).getTime() );<\/script><\/p><div class=\"fusion-alert alert custom alert-custom fusion-alert-center wpcf7-response-output fusion-alert-capitalize awb-alert-native-link-color alert-dismissable awb-alert-close-boxed\" style=\"--awb-border-top-left-radius:0px;--awb-border-top-right-radius:0px;--awb-border-bottom-left-radius:0px;--awb-border-bottom-right-radius:0px;\" role=\"alert\"><div class=\"fusion-alert-content-wrapper\"><span class=\"fusion-alert-content\"><\/span><\/div><button type=\"button\" class=\"close toggle-alert\" data-dismiss=\"alert\" aria-label=\"Close\">&times;<\/button><\/div>\n<\/form>\n<\/div>\n\n<p>*Please take the time to give us this obligatory information which is necessary for the efficient processing of your request, thank you.<\/p>\n<p>You have the right to access and rectify your personal information. If you\u00a0would\u00a0like\u00a0to\u00a0exercise\u00a0this right and\u00a0obtain\u00a0access to information that concerns\u00a0you,\u00a0please write to\u00a0bonjour@labulleworkplace.com. Know more about your privacy policy.<\/p>\n<\/div><div class=\"fusion-clearfix\"><\/div><\/div><\/div><\/div><\/div><div class=\"fusion-fullwidth fullwidth-box fusion-builder-row-2 hundred-percent-fullwidth non-hundred-percent-height-scrolling fusion-equal-height-columns\" style=\"--awb-border-radius-top-left:0px;--awb-border-radius-top-right:0px;--awb-border-radius-bottom-right:0px;--awb-border-radius-bottom-left:0px;--awb-padding-top:0px;--awb-padding-right:0px;--awb-padding-bottom:0px;--awb-padding-left:0px;--awb-margin-top:0px;--awb-margin-bottom:0px;--awb-flex-wrap:wrap;\" ><div class=\"fusion-builder-row fusion-row\"><div class=\"fusion-layout-column fusion_builder_column fusion-builder-column-2 fusion_builder_column_2_3 2_3 fusion-two-third fusion-column-first fusion-column-inner-bg-wrapper\" style=\"--awb-padding-top:0px;--awb-padding-right:0px;--awb-padding-bottom:0px;--awb-padding-left:0px;--awb-inner-bg-image:url(&#039;https:\/\/www.labulleworkplace.com\/wp-content\/uploads\/2018\/10\/maps-3-rue-fenelon-LYON.png&#039;);--awb-inner-bg-position:center center;--awb-inner-bg-size:cover;--awb-margin-bottom:0px;width:66.666666666667%;width:calc(66.666666666667% - ( ( 0 ) * 0.66666666666667 ) );margin-right: 0px;\"><span class=\"fusion-column-inner-bg hover-type-none\"><a class=\"fusion-column-anchor\" href=\"https:\/\/goo.gl\/maps\/jKydCBW4Mtt\" rel=\"noopener noreferrer\" target=\"_blank\"><span class=\"fusion-column-inner-bg-image\"><\/span><\/a><\/span><div class=\"fusion-column-wrapper fusion-flex-column-wrapper-legacy fusion-empty-column-bg-image fusion-column-has-bg-image\" data-bg-url=\"https:\/\/www.labulleworkplace.com\/wp-content\/uploads\/2018\/10\/maps-3-rue-fenelon-LYON.png\"><img decoding=\"async\" class=\"fusion-empty-dims-img-placeholder fusion-no-large-visibility\" src=\"data:image\/svg+xml,%3Csvg%20xmlns%3D%27http%3A%2F%2Fwww.w3.org%2F2000%2Fsvg%27%20width%3D%271290%27%20height%3D%27904%27%20viewBox%3D%270%200%201290%20904%27%3E%3Crect%20width%3D%271290%27%20height%3D%27904%27%20fill-opacity%3D%220%22%2F%3E%3C%2Fsvg%3E\"><div class=\"fusion-clearfix\"><\/div><\/div><\/div><div class=\"fusion-layout-column fusion_builder_column fusion-builder-column-3 fusion_builder_column_1_3 1_3 fusion-one-third fusion-column-last bgdore blocacces\" style=\"--awb-padding-top:20px;--awb-padding-right:0px;--awb-padding-bottom:20px;--awb-padding-left:0px;--awb-bg-size:cover;--awb-margin-bottom:0px;width:33.333333333333%;width:calc(33.333333333333% - ( ( 0 ) * 0.33333333333333 ) );\"><div class=\"fusion-column-wrapper fusion-flex-column-wrapper-legacy\"><div class=\"fusion-column-content-centered\"><div class=\"fusion-column-content\"><div class=\"fusion-text fusion-text-3\"><p>Get directions<\/p>\n<p>La Bulle Workplace<br \/>\n3 rue F\u00e9nelon 69006 LYON<\/p>\n<\/div><div class=\"fusion-content-boxes content-boxes columns row fusion-columns-1 fusion-columns-total-4 fusion-content-boxes-1 content-boxes-icon-on-side content-left\" style=\"--awb-body-color:#363636;--awb-title-color:#363636;--awb-margin-top:0px;--awb-margin-bottom:5px;--awb-hover-accent-color:#217ea6;--awb-circle-hover-accent-color:#217ea6;--awb-item-margin-bottom:40px;\" data-animationOffset=\"top-into-view\"><div style=\"--awb-backgroundcolor:rgba(255,255,255,0);--awb-content-padding-left:48px;\" class=\"fusion-column content-box-column content-box-column content-box-column-1 col-lg-12 col-md-12 col-sm-12 fusion-content-box-hover content-box-column-last-in-row\"><div class=\"col content-box-wrapper content-wrapper link-area-link-icon icon-hover-animation-fade\" data-animationOffset=\"top-into-view\"><div class=\"heading heading-with-icon icon-left\"><div aria-hidden=\"true\" class=\"image\"><img decoding=\"async\" src=\"https:\/\/www.labulleworkplace.com\/wp-content\/uploads\/2017\/08\/picto-velo.png\" width=\"28\" height=\"28\" alt=\"\" \/><\/div><h2 class=\"content-box-heading\" style=\"--h2_typography-font-size:12px;line-height:17px;padding-left:48px;\">By bike<\/h2><\/div><div class=\"fusion-clearfix\"><\/div><div class=\"content-container\">\n<p>V\u00e9lov\u2019 bike dock Lafayette \/Corneille (100 metres)<\/p>\n<\/div><\/div><\/div><div style=\"--awb-backgroundcolor:rgba(255,255,255,0);--awb-content-padding-left:48px;\" class=\"fusion-column content-box-column content-box-column content-box-column-2 col-lg-12 col-md-12 col-sm-12 fusion-content-box-hover content-box-column-last-in-row\"><div class=\"col content-box-wrapper content-wrapper link-area-link-icon icon-hover-animation-fade\" data-animationOffset=\"top-into-view\"><div class=\"heading heading-with-icon icon-left\"><div aria-hidden=\"true\" class=\"image\"><img decoding=\"async\" src=\"https:\/\/www.labulleworkplace.com\/wp-content\/uploads\/2017\/08\/picto-bus.png\" width=\"28\" height=\"28\" alt=\"\" \/><\/div><h2 class=\"content-box-heading\" style=\"--h2_typography-font-size:12px;line-height:17px;padding-left:48px;\">By bus<\/h2><\/div><div class=\"fusion-clearfix\"><\/div><div class=\"content-container\">\n<p>Saxe Lafayette : C3, C4, C14, 27, C13 (7 minutes direct to Part-Dieu train station)<\/p>\n<\/div><\/div><\/div><div style=\"--awb-backgroundcolor:rgba(255,255,255,0);--awb-content-padding-left:48px;\" class=\"fusion-column content-box-column content-box-column content-box-column-3 col-lg-12 col-md-12 col-sm-12 fusion-content-box-hover content-box-column-last-in-row\"><div class=\"col content-box-wrapper content-wrapper link-area-link-icon icon-hover-animation-fade\" data-animationOffset=\"top-into-view\"><div class=\"heading heading-with-icon icon-left\"><div aria-hidden=\"true\" class=\"image\"><img decoding=\"async\" src=\"https:\/\/www.labulleworkplace.com\/wp-content\/uploads\/2017\/08\/picto-metro.png\" width=\"28\" height=\"28\" alt=\"\" \/><\/div><h2 class=\"content-box-heading\" style=\"--h2_typography-font-size:12px;line-height:17px;padding-left:48px;\">By metro<\/h2><\/div><div class=\"fusion-clearfix\"><\/div><div class=\"content-container\">\n<p>Ligne A \u2013 Cordeliers or Foch<\/p>\n<\/div><\/div><\/div><div style=\"--awb-backgroundcolor:rgba(255,255,255,0);--awb-content-padding-left:48px;\" class=\"fusion-column content-box-column content-box-column content-box-column-4 col-lg-12 col-md-12 col-sm-12 fusion-content-box-hover content-box-column-last content-box-column-last-in-row\"><div class=\"col content-box-wrapper content-wrapper link-area-link-icon icon-hover-animation-fade\" data-animationOffset=\"top-into-view\"><div class=\"heading heading-with-icon icon-left\"><div aria-hidden=\"true\" class=\"image\"><img decoding=\"async\" src=\"https:\/\/www.labulleworkplace.com\/wp-content\/uploads\/2017\/08\/picto-parking.png\" width=\"28\" height=\"28\" alt=\"\" \/><\/div><h2 class=\"content-box-heading\" style=\"--h2_typography-font-size:12px;line-height:17px;padding-left:48px;\">By car<\/h2><\/div><div class=\"fusion-clearfix\"><\/div><div class=\"content-container\">\n<p>Cordeliers car park (600 metres, 800 places)<br \/>\nMorand car park (600 metres, 696 places)<\/p>\n<\/div><\/div><\/div><div class=\"fusion-clearfix\"><\/div><\/div><\/div><\/div><div class=\"fusion-clearfix\"><\/div><\/div><\/div><\/div><\/div><\/p>\n","protected":false},"excerpt":{"rendered":"","protected":false},"author":1,"featured_media":0,"parent":0,"menu_order":0,"comment_status":"closed","ping_status":"closed","template":"100-width.php","meta":{"footnotes":""},"class_list":["post-29296","page","type-page","status-publish","hentry"],"yoast_head":"<!-- This site is optimized with the Yoast SEO plugin v27.0 - https:\/\/yoast.com\/product\/yoast-seo-wordpress\/ -->\n<title>Contact &#8211; La Bulle workplace<\/title>\n<meta name=\"description\" content=\"La Bulle Workplace est un lieu de s\u00e9minaire et d\u2019\u00e9v\u00e9nements atypiques. Nos espaces vous r\u00e9servent des surprises pour stimuler et inspirer vos r\u00e9unions et faire le plein d\u2019\u00e9nergie positive !\" \/>\n<meta name=\"robots\" content=\"index, follow, max-snippet:-1, max-image-preview:large, max-video-preview:-1\" \/>\n<link rel=\"canonical\" href=\"https:\/\/www.labulleworkplace.com\/en\/contact\/\" \/>\n<meta property=\"og:locale\" content=\"en_US\" \/>\n<meta property=\"og:type\" content=\"article\" \/>\n<meta property=\"og:title\" content=\"Contact &#8211; La Bulle workplace\" \/>\n<meta property=\"og:description\" content=\"La Bulle Workplace est un lieu de s\u00e9minaire et d\u2019\u00e9v\u00e9nements atypiques. Nos espaces vous r\u00e9servent des surprises pour stimuler et inspirer vos r\u00e9unions et faire le plein d\u2019\u00e9nergie positive !\" \/>\n<meta property=\"og:url\" content=\"https:\/\/www.labulleworkplace.com\/en\/contact\/\" \/>\n<meta property=\"og:site_name\" content=\"La Bulle workplace\" \/>\n<meta property=\"article:publisher\" content=\"https:\/\/www.facebook.com\/La-Bulle-Workplace-1918515781758632\/\" \/>\n<meta property=\"article:modified_time\" content=\"2023-10-30T12:41:07+00:00\" \/>\n<meta property=\"og:image\" content=\"https:\/\/www.labulleworkplace.com\/wp-content\/uploads\/2021\/03\/slider-home-01-seminaire-lyon-live-streaming.jpg\" \/>\n\t<meta property=\"og:image:width\" content=\"1400\" \/>\n\t<meta property=\"og:image:height\" content=\"647\" \/>\n\t<meta property=\"og:image:type\" content=\"image\/jpeg\" \/>\n<meta name=\"twitter:card\" content=\"summary_large_image\" \/>\n<meta name=\"twitter:label1\" content=\"Est. reading time\" \/>\n\t<meta name=\"twitter:data1\" content=\"3 minutes\" \/>\n<script type=\"application\/ld+json\" class=\"yoast-schema-graph\">{\"@context\":\"https:\/\/schema.org\",\"@graph\":[{\"@type\":\"WebPage\",\"@id\":\"https:\/\/www.labulleworkplace.com\/en\/contact\/\",\"url\":\"https:\/\/www.labulleworkplace.com\/en\/contact\/\",\"name\":\"Contact &#8211; La Bulle workplace\",\"isPartOf\":{\"@id\":\"https:\/\/www.labulleworkplace.com\/#website\"},\"datePublished\":\"2021-09-29T07:49:07+00:00\",\"dateModified\":\"2023-10-30T12:41:07+00:00\",\"description\":\"La Bulle Workplace est un lieu de s\u00e9minaire et d\u2019\u00e9v\u00e9nements atypiques. Nos espaces vous r\u00e9servent des surprises pour stimuler et inspirer vos r\u00e9unions et faire le plein d\u2019\u00e9nergie positive !\",\"breadcrumb\":{\"@id\":\"https:\/\/www.labulleworkplace.com\/en\/contact\/#breadcrumb\"},\"inLanguage\":\"en-US\",\"potentialAction\":[{\"@type\":\"ReadAction\",\"target\":[\"https:\/\/www.labulleworkplace.com\/en\/contact\/\"]}]},{\"@type\":\"BreadcrumbList\",\"@id\":\"https:\/\/www.labulleworkplace.com\/en\/contact\/#breadcrumb\",\"itemListElement\":[{\"@type\":\"ListItem\",\"position\":1,\"name\":\"Accueil\",\"item\":\"https:\/\/www.labulleworkplace.com\/en\/\"},{\"@type\":\"ListItem\",\"position\":2,\"name\":\"Contact\"}]},{\"@type\":\"WebSite\",\"@id\":\"https:\/\/www.labulleworkplace.com\/#website\",\"url\":\"https:\/\/www.labulleworkplace.com\/\",\"name\":\"La Bulle workplace\",\"description\":\"Just another WordPress site\",\"publisher\":{\"@id\":\"https:\/\/www.labulleworkplace.com\/#organization\"},\"potentialAction\":[{\"@type\":\"SearchAction\",\"target\":{\"@type\":\"EntryPoint\",\"urlTemplate\":\"https:\/\/www.labulleworkplace.com\/?s={search_term_string}\"},\"query-input\":{\"@type\":\"PropertyValueSpecification\",\"valueRequired\":true,\"valueName\":\"search_term_string\"}}],\"inLanguage\":\"en-US\"},{\"@type\":\"Organization\",\"@id\":\"https:\/\/www.labulleworkplace.com\/#organization\",\"name\":\"La Bulle Workplace\",\"url\":\"https:\/\/www.labulleworkplace.com\/\",\"logo\":{\"@type\":\"ImageObject\",\"inLanguage\":\"en-US\",\"@id\":\"https:\/\/www.labulleworkplace.com\/#\/schema\/logo\/image\/\",\"url\":\"https:\/\/www.labulleworkplace.com\/wp-content\/uploads\/2017\/10\/logo-labulle-224x261-1.gif\",\"contentUrl\":\"https:\/\/www.labulleworkplace.com\/wp-content\/uploads\/2017\/10\/logo-labulle-224x261-1.gif\",\"width\":224,\"height\":261,\"caption\":\"La Bulle Workplace\"},\"image\":{\"@id\":\"https:\/\/www.labulleworkplace.com\/#\/schema\/logo\/image\/\"},\"sameAs\":[\"https:\/\/www.facebook.com\/La-Bulle-Workplace-1918515781758632\/\",\"https:\/\/www.instagram.com\/labulleworkplace\/\",\"https:\/\/www.linkedin.com\/company\/11254312\/\"]}]}<\/script>\n<!-- \/ Yoast SEO plugin. -->","yoast_head_json":{"title":"Contact &#8211; La Bulle workplace","description":"La Bulle Workplace est un lieu de s\u00e9minaire et d\u2019\u00e9v\u00e9nements atypiques. Nos espaces vous r\u00e9servent des surprises pour stimuler et inspirer vos r\u00e9unions et faire le plein d\u2019\u00e9nergie positive !","robots":{"index":"index","follow":"follow","max-snippet":"max-snippet:-1","max-image-preview":"max-image-preview:large","max-video-preview":"max-video-preview:-1"},"canonical":"https:\/\/www.labulleworkplace.com\/en\/contact\/","og_locale":"en_US","og_type":"article","og_title":"Contact &#8211; La Bulle workplace","og_description":"La Bulle Workplace est un lieu de s\u00e9minaire et d\u2019\u00e9v\u00e9nements atypiques. Nos espaces vous r\u00e9servent des surprises pour stimuler et inspirer vos r\u00e9unions et faire le plein d\u2019\u00e9nergie positive !","og_url":"https:\/\/www.labulleworkplace.com\/en\/contact\/","og_site_name":"La Bulle workplace","article_publisher":"https:\/\/www.facebook.com\/La-Bulle-Workplace-1918515781758632\/","article_modified_time":"2023-10-30T12:41:07+00:00","og_image":[{"width":1400,"height":647,"url":"https:\/\/www.labulleworkplace.com\/wp-content\/uploads\/2021\/03\/slider-home-01-seminaire-lyon-live-streaming.jpg","type":"image\/jpeg"}],"twitter_card":"summary_large_image","twitter_misc":{"Est. reading time":"3 minutes"},"schema":{"@context":"https:\/\/schema.org","@graph":[{"@type":"WebPage","@id":"https:\/\/www.labulleworkplace.com\/en\/contact\/","url":"https:\/\/www.labulleworkplace.com\/en\/contact\/","name":"Contact &#8211; La Bulle workplace","isPartOf":{"@id":"https:\/\/www.labulleworkplace.com\/#website"},"datePublished":"2021-09-29T07:49:07+00:00","dateModified":"2023-10-30T12:41:07+00:00","description":"La Bulle Workplace est un lieu de s\u00e9minaire et d\u2019\u00e9v\u00e9nements atypiques. Nos espaces vous r\u00e9servent des surprises pour stimuler et inspirer vos r\u00e9unions et faire le plein d\u2019\u00e9nergie positive !","breadcrumb":{"@id":"https:\/\/www.labulleworkplace.com\/en\/contact\/#breadcrumb"},"inLanguage":"en-US","potentialAction":[{"@type":"ReadAction","target":["https:\/\/www.labulleworkplace.com\/en\/contact\/"]}]},{"@type":"BreadcrumbList","@id":"https:\/\/www.labulleworkplace.com\/en\/contact\/#breadcrumb","itemListElement":[{"@type":"ListItem","position":1,"name":"Accueil","item":"https:\/\/www.labulleworkplace.com\/en\/"},{"@type":"ListItem","position":2,"name":"Contact"}]},{"@type":"WebSite","@id":"https:\/\/www.labulleworkplace.com\/#website","url":"https:\/\/www.labulleworkplace.com\/","name":"La Bulle workplace","description":"Just another WordPress site","publisher":{"@id":"https:\/\/www.labulleworkplace.com\/#organization"},"potentialAction":[{"@type":"SearchAction","target":{"@type":"EntryPoint","urlTemplate":"https:\/\/www.labulleworkplace.com\/?s={search_term_string}"},"query-input":{"@type":"PropertyValueSpecification","valueRequired":true,"valueName":"search_term_string"}}],"inLanguage":"en-US"},{"@type":"Organization","@id":"https:\/\/www.labulleworkplace.com\/#organization","name":"La Bulle Workplace","url":"https:\/\/www.labulleworkplace.com\/","logo":{"@type":"ImageObject","inLanguage":"en-US","@id":"https:\/\/www.labulleworkplace.com\/#\/schema\/logo\/image\/","url":"https:\/\/www.labulleworkplace.com\/wp-content\/uploads\/2017\/10\/logo-labulle-224x261-1.gif","contentUrl":"https:\/\/www.labulleworkplace.com\/wp-content\/uploads\/2017\/10\/logo-labulle-224x261-1.gif","width":224,"height":261,"caption":"La Bulle Workplace"},"image":{"@id":"https:\/\/www.labulleworkplace.com\/#\/schema\/logo\/image\/"},"sameAs":["https:\/\/www.facebook.com\/La-Bulle-Workplace-1918515781758632\/","https:\/\/www.instagram.com\/labulleworkplace\/","https:\/\/www.linkedin.com\/company\/11254312\/"]}]}},"_links":{"self":[{"href":"https:\/\/www.labulleworkplace.com\/en\/wp-json\/wp\/v2\/pages\/29296","targetHints":{"allow":["GET"]}}],"collection":[{"href":"https:\/\/www.labulleworkplace.com\/en\/wp-json\/wp\/v2\/pages"}],"about":[{"href":"https:\/\/www.labulleworkplace.com\/en\/wp-json\/wp\/v2\/types\/page"}],"author":[{"embeddable":true,"href":"https:\/\/www.labulleworkplace.com\/en\/wp-json\/wp\/v2\/users\/1"}],"replies":[{"embeddable":true,"href":"https:\/\/www.labulleworkplace.com\/en\/wp-json\/wp\/v2\/comments?post=29296"}],"version-history":[{"count":3,"href":"https:\/\/www.labulleworkplace.com\/en\/wp-json\/wp\/v2\/pages\/29296\/revisions"}],"predecessor-version":[{"id":33011,"href":"https:\/\/www.labulleworkplace.com\/en\/wp-json\/wp\/v2\/pages\/29296\/revisions\/33011"}],"wp:attachment":[{"href":"https:\/\/www.labulleworkplace.com\/en\/wp-json\/wp\/v2\/media?parent=29296"}],"curies":[{"name":"wp","href":"https:\/\/api.w.org\/{rel}","templated":true}]}}