{"id":29293,"date":"2017-08-07T12:14:54","date_gmt":"2017-08-07T10:14:54","guid":{"rendered":"https:\/\/www.labulleworkplace.com\/le-concept\/"},"modified":"2023-10-30T12:53:52","modified_gmt":"2023-10-30T11:53:52","slug":"the-concept","status":"publish","type":"page","link":"https:\/\/www.labulleworkplace.com\/en\/the-concept\/","title":{"rendered":"The concept"},"content":{"rendered":"<p><div class=\"fusion-fullwidth fullwidth-box fusion-builder-row-1 fusion-parallax-none nonhundred-percent-fullwidth non-hundred-percent-height-scrolling entetepage\" style=\"--awb-background-position:left top;--awb-border-radius-top-left:0px;--awb-border-radius-top-right:0px;--awb-border-radius-bottom-right:0px;--awb-border-radius-bottom-left:0px;--awb-background-image:url(&quot;https:\/\/www.labulleworkplace.com\/wp-content\/uploads\/2017\/08\/facilitateur-graphique-concept-la-bulle-1.jpg&quot;);--awb-background-size:cover;--awb-flex-wrap:wrap;\" ><div class=\"fusion-builder-row fusion-row\"><div class=\"fusion-layout-column fusion_builder_column fusion-builder-column-0 fusion_builder_column_3_5 3_5 fusion-three-fifth fusion-column-first\" style=\"--awb-bg-size:cover;width:60%;width:calc(60% - ( ( 4% ) * 0.6 ) );margin-right: 4%;\"><div class=\"fusion-column-wrapper fusion-flex-column-wrapper-legacy\"><div class=\"fusion-clearfix\"><\/div><\/div><\/div><div class=\"fusion-layout-column fusion_builder_column fusion-builder-column-1 fusion_builder_column_2_5 2_5 fusion-two-fifth fusion-column-last fusion-animated intro\" style=\"--awb-bg-size:cover;width:40%;width:calc(40% - ( ( 4% ) * 0.4 ) );\" data-animationType=\"fadeInRight\" data-animationDuration=\"0.3\" data-animationOffset=\"top-into-view\"><div class=\"fusion-column-wrapper fusion-flex-column-wrapper-legacy\"><div class=\"fusion-text fusion-text-1\"><p class=\"titreentete\">The concept<\/p>\n<p>La Bulle is a <strong>feel good venue<\/strong>, ideal for meetings, seminars and other corporate events. It is the type of place where <strong>positive vibes<\/strong> rebound all day, where participants are happy to work in an atmosphere that promotes <strong>innovative thinking<\/strong>, the <strong>exploration of new ideas<\/strong> and a <strong>different way of seeing things<\/strong>. Every detail has been carefully conceived to ensure conviviality and enjoyment.<\/p>\n<\/div><div class=\"fusion-clearfix\"><\/div><\/div><\/div><\/div><\/div><div id=\"serenity\" class=\"fusion-container-anchor\"><div class=\"fusion-fullwidth fullwidth-box fusion-builder-row-2 nonhundred-percent-fullwidth non-hundred-percent-height-scrolling pad40\" style=\"--awb-border-radius-top-left:0px;--awb-border-radius-top-right:0px;--awb-border-radius-bottom-right:0px;--awb-border-radius-bottom-left:0px;--awb-flex-wrap:wrap;\" ><div class=\"fusion-builder-row fusion-row\"><div class=\"fusion-layout-column fusion_builder_column fusion-builder-column-2 fusion_builder_column_1_1 1_1 fusion-one-full fusion-column-first fusion-column-last fusion-animated\" style=\"--awb-bg-size:cover;\" data-animationType=\"fadeInRight\" data-animationDuration=\"0.6\" data-animationOffset=\"top-into-view\"><div class=\"fusion-column-wrapper fusion-flex-column-wrapper-legacy\"><div class=\"fusion-title title fusion-title-1 fusion-title-text fusion-title-size-one bulle\" style=\"--awb-margin-top-small:0px;--awb-margin-right-small:0px;--awb-margin-bottom-small:20px;--awb-margin-left-small:0px;\"><h1 class=\"fusion-title-heading title-heading-left\" style=\"margin:0;\">BALANCING<br \/>\nCALM AND CREATIVITY<\/h1><span class=\"awb-title-spacer\"><\/span><div class=\"title-sep-container\"><div class=\"title-sep sep-double sep-solid\" style=\"border-color:#e0dede;\"><\/div><\/div><\/div><div class=\"fusion-clearfix\"><\/div><\/div><\/div><div class=\"fusion-layout-column fusion_builder_column fusion-builder-column-3 fusion_builder_column_1_6 1_6 fusion-one-sixth fusion-column-first\" style=\"--awb-bg-size:cover;width:16.666666666667%;width:calc(16.666666666667% - ( ( 4% + 4% ) * 0.16666666666667 ) );margin-right: 4%;\"><div class=\"fusion-column-wrapper fusion-flex-column-wrapper-legacy\"><div class=\"fusion-clearfix\"><\/div><\/div><\/div><div class=\"fusion-layout-column fusion_builder_column fusion-builder-column-4 fusion_builder_column_2_3 2_3 fusion-two-third fusion-animated\" style=\"--awb-bg-size:cover;width:66.666666666667%;width:calc(66.666666666667% - ( ( 4% + 4% ) * 0.66666666666667 ) );margin-right: 4%;\" data-animationType=\"fadeInUp\" data-animationDuration=\"0.6\" data-animationOffset=\"top-into-view\"><div class=\"fusion-column-wrapper fusion-flex-column-wrapper-legacy\"><div class=\"fusion-text fusion-text-2\"><p style=\"text-align: center;\">Designed to <strong>inspire<\/strong> and <strong>motivate<\/strong>, to offer <strong>calm<\/strong> and <strong>conviviality<\/strong>, La Bulle feel good venue allows you to <strong>switch off from daily routines and to fully tune in to yourself, your work partners, the job at hand and the values of your company<\/strong>.<\/p>\n<p style=\"text-align: center;\">The experience starts as soon as you enter La Bulle\u2026 but continues once you leave thanks to all the <strong>new ideas gained and practices learned<\/strong> that you can apply at home or at the office!<\/p>\n<\/div><div class=\"fusion-clearfix\"><\/div><\/div><\/div><div class=\"fusion-layout-column fusion_builder_column fusion-builder-column-5 fusion_builder_column_1_6 1_6 fusion-one-sixth fusion-column-last\" style=\"--awb-bg-size:cover;width:16.666666666667%;width:calc(16.666666666667% - ( ( 4% + 4% ) * 0.16666666666667 ) );\"><div class=\"fusion-column-wrapper fusion-flex-column-wrapper-legacy\"><div class=\"fusion-clearfix\"><\/div><\/div><\/div><div class=\"fusion-layout-column fusion_builder_column fusion-builder-column-6 fusion_builder_column_1_1 1_1 fusion-one-full fusion-column-first fusion-column-last fusion-animated\" style=\"--awb-bg-size:cover;\" data-animationType=\"fadeInUp\" data-animationDuration=\"0.6\" data-animationOffset=\"top-into-view\"><div class=\"fusion-column-wrapper fusion-flex-column-wrapper-legacy\"><div class=\"fusion-text fusion-text-3\"><blockquote>\n<p style=\"text-align: center;\">A revitalising and constructive interlude away from the office, an insight into new working methods.<\/p>\n<\/blockquote>\n<\/div><div class=\"fusion-clearfix\"><\/div><\/div><\/div><div class=\"fusion-layout-column fusion_builder_column fusion-builder-column-7 fusion_builder_column_1_1 1_1 fusion-one-full fusion-column-first fusion-column-last fusion-animated\" style=\"--awb-bg-size:cover;\" data-animationType=\"fadeInUp\" data-animationDuration=\"0.6\" data-animationOffset=\"top-into-view\"><div class=\"fusion-column-wrapper fusion-flex-column-wrapper-legacy\"><div class=\"fusion-text fusion-text-4\"><p class=\"btaccroche\" style=\"text-align: center;\">COME AND ENJOY THE FEEL GOOD VIBES AT LA BULLE<\/p>\n<\/div><div class=\"fusion-button-wrapper fusion-aligncenter\"><a class=\"fusion-button button-flat fusion-button-default-size button-default fusion-button-default button-1 fusion-button-default-span fusion-button-default-type fusion-animated\" data-animationType=\"slideInRight\" data-animationDuration=\"1.0\" data-animationOffset=\"top-into-view\" target=\"_self\" href=\"https:\/\/www.labulleworkplace.com\/en\/services\/\"><span class=\"fusion-button-text awb-button__text awb-button__text--default\">OUR SERVICES<\/span><\/a><\/div><div class=\"fusion-clearfix\"><\/div><\/div><\/div><\/div><\/div><\/div><div id=\"team\" class=\"fusion-container-anchor\"><div class=\"fusion-fullwidth fullwidth-box fusion-builder-row-3 hundred-percent-fullwidth non-hundred-percent-height-scrolling fusion-equal-height-columns bgbleu pad40 equipetxt\" style=\"--awb-border-radius-top-left:0px;--awb-border-radius-top-right:0px;--awb-border-radius-bottom-right:0px;--awb-border-radius-bottom-left:0px;--awb-flex-wrap:wrap;\" ><div class=\"fusion-builder-row fusion-row\"><div class=\"fusion-layout-column fusion_builder_column fusion-builder-column-8 fusion_builder_column_1_2 1_2 fusion-one-half fusion-column-first fusion-animated txtnoir\" style=\"--awb-bg-size:cover;width:50%;width:calc(50% - ( ( 4% ) * 0.5 ) );margin-right: 4%;\" data-animationType=\"slideInLeft\" data-animationDuration=\"0.6\" data-animationOffset=\"top-into-view\"><div class=\"fusion-column-wrapper fusion-flex-column-wrapper-legacy\"><div class=\"fusion-image-element fusion-image-align-center in-legacy-container\" style=\"text-align:center;--awb-caption-title-font-family:var(--h2_typography-font-family);--awb-caption-title-font-weight:var(--h2_typography-font-weight);--awb-caption-title-font-style:var(--h2_typography-font-style);--awb-caption-title-size:var(--h2_typography-font-size);--awb-caption-title-transform:var(--h2_typography-text-transform);--awb-caption-title-line-height:var(--h2_typography-line-height);--awb-caption-title-letter-spacing:var(--h2_typography-letter-spacing);\"><div class=\"imageframe-align-center\"><span class=\" fusion-imageframe imageframe-none imageframe-1 hover-type-none imagerotation\"><img decoding=\"async\" src=\"https:\/\/www.labulleworkplace.com\/wp-content\/uploads\/2017\/11\/portait-equipe-1.jpg\" alt class=\"img-responsive\"\/><\/span><\/div><\/div><div class=\"fusion-sep-clear\"><\/div><div class=\"fusion-separator fusion-full-width-sep\" style=\"margin-left: auto;margin-right: auto;margin-top:20px;margin-bottom:20px;width:100%;\"><\/div><div class=\"fusion-sep-clear\"><\/div><div class=\"fusion-text fusion-text-5\"><p><span style=\"color: #ffffff;\">Because great inspiration generally stems from a collaborative effort, our team has two other wonderful members:<\/span><\/p>\n<p><span style=\"color: #ffffff;\"><strong>Louise Boutin, in charge of communications and event set-up<\/strong><\/span><br \/>\n<span style=\"color: #ffffff;\">Louise is our communications genius, she whirls and twirls her magic to ensure that La Bulle sparkles on the Web. Please don\u2019t hesitate to give her the thumbs up on our <a style=\"color: #ffffff;\" href=\"https:\/\/www.facebook.com\/La-Bulle-Workplace-1918515781758632\/\" target=\"_blank\" rel=\"noopener\">Facebook<\/a>, <a style=\"color: #ffffff;\" href=\"https:\/\/twitter.com\/LaBulleWP\" target=\"_blank\" rel=\"noopener\">Twitter<\/a>, <a style=\"color: #ffffff;\" href=\"https:\/\/www.linkedin.com\/company\/11254312\/\" target=\"_blank\" rel=\"noopener\">Linkedin<\/a> and <a style=\"color: #ffffff;\" href=\"https:\/\/www.instagram.com\/labulleworkplace\/\" target=\"_blank\" rel=\"noopener\">Instagram<\/a> pages!<\/span><\/p>\n<p><span style=\"color: #ffffff;\"><strong>Claire Barioux, in charge of logistics during events<br \/>\n<\/strong>With her innate sense of hospitality, Claire welcomes everyone with a smile. Her mission is to ensure that you enjoy your time at La Bulle to the full. Her secret weapon? Her kind, welcoming approach that you will appreciate during mental training sessions and generally throughout your stay at La Bulle.<\/span><\/p>\n<\/div><div class=\"fusion-clearfix\"><\/div><\/div><\/div><div class=\"fusion-layout-column fusion_builder_column fusion-builder-column-9 fusion_builder_column_1_2 1_2 fusion-one-half fusion-column-last fusion-animated bgbleu\" style=\"--awb-bg-size:cover;width:50%;width:calc(50% - ( ( 4% ) * 0.5 ) );\" data-animationType=\"fadeInRight\" data-animationDuration=\"0.6\" data-animationOffset=\"top-into-view\"><div class=\"fusion-column-wrapper fusion-flex-column-wrapper-legacy\"><div class=\"fusion-text fusion-text-6\"><h2>Meet the feel good team at la bulle<\/h2>\n<p>Throughout my career, I have been asked by my clients to find original, unique spaces to host seminars, meetings and team-building sessions. It was therefore a natural progression to design my own <strong>space dedicated to the pursuit of creativity<\/strong>. Thanks to progress in the field of neurosciences, we know today that the quality of the working environment, the excellence of amenities and the possibility to alter body posture all play a role in keeping our minds alert. Writing on walls, moving around, playing, laughing or just moving seats are all proven techniques for enhancing awareness and intellectual stimulation.<\/p>\n<p>My aim at La Bulle is to promote the idea of well-being for more successful meetings through the use of simple exercises that enhance concentration levels and enable participants to feel fully revitalised. Moreover, the effects of a successful event do not necessarily stop when people leave La Bulle as each and every participant can use the techniques learned to optimize their work-life balance.<\/p>\n<p><strong>G\u00e9raldine Chabanne<\/strong>, founder of La Bulle<\/p>\n<p><em>For 17 years G\u00e9raldine directed Peillon et Associ\u00e9s, a communications agency in Lyon and in 2010 she founded and still heads up Chantiers de la Com, an agency specialised in print, digital and communications projects.<\/em><\/p>\n<\/div><div class=\"fusion-button-wrapper fusion-alignleft\"><a class=\"fusion-button button-flat fusion-button-default-size button-default fusion-button-default button-2 fusion-button-default-span fusion-button-default-type fusion-animated margtop\" data-animationType=\"slideInRight\" data-animationDuration=\"0.6\" data-animationOffset=\"top-into-view\" target=\"_self\" href=\"https:\/\/www.labulleworkplace.com\/en\/contact\/\"><span class=\"fusion-button-text awb-button__text awb-button__text--default\">LET\u2019S CHAT<\/span><\/a><\/div><div class=\"fusion-clearfix\"><\/div><\/div><\/div><\/div><\/div><\/div><\/p>\n","protected":false},"excerpt":{"rendered":"","protected":false},"author":1,"featured_media":0,"parent":0,"menu_order":0,"comment_status":"closed","ping_status":"closed","template":"100-width.php","meta":{"footnotes":""},"class_list":["post-29293","page","type-page","status-publish","hentry"],"yoast_head":"<!-- This site is optimized with the Yoast SEO plugin v27.5 - https:\/\/yoast.com\/product\/yoast-seo-wordpress\/ -->\n<title>Le concept | La Bulle Workplace - Espace de s\u00e9minaire \u00e0 Lyon<\/title>\n<meta name=\"description\" content=\"Faites le plein d&#039;\u00e9nergie positive dans un espace de s\u00e9minaire stimulant, apaisant et convivial. Le lieu id\u00e9al pour travailler autrement, plus efficacement !\" \/>\n<meta name=\"robots\" content=\"index, follow, max-snippet:-1, max-image-preview:large, max-video-preview:-1\" \/>\n<link rel=\"canonical\" href=\"https:\/\/www.labulleworkplace.com\/en\/the-concept\/\" \/>\n<meta property=\"og:locale\" content=\"en_US\" \/>\n<meta property=\"og:type\" content=\"article\" \/>\n<meta property=\"og:title\" content=\"Le concept | La Bulle Workplace - Espace de s\u00e9minaire \u00e0 Lyon\" \/>\n<meta property=\"og:description\" content=\"Faites le plein d&#039;\u00e9nergie positive dans un espace de s\u00e9minaire stimulant, apaisant et convivial. Le lieu id\u00e9al pour travailler autrement, plus efficacement !\" \/>\n<meta property=\"og:url\" content=\"https:\/\/www.labulleworkplace.com\/en\/the-concept\/\" \/>\n<meta property=\"og:site_name\" content=\"La Bulle workplace\" \/>\n<meta property=\"article:publisher\" content=\"https:\/\/www.facebook.com\/La-Bulle-Workplace-1918515781758632\/\" \/>\n<meta property=\"article:modified_time\" content=\"2023-10-30T11:53:52+00:00\" \/>\n<meta property=\"og:image\" content=\"https:\/\/www.labulleworkplace.com\/wp-content\/uploads\/2021\/03\/slider-home-01-seminaire-lyon-live-streaming.jpg\" \/>\n\t<meta property=\"og:image:width\" content=\"1400\" \/>\n\t<meta property=\"og:image:height\" content=\"647\" \/>\n\t<meta property=\"og:image:type\" content=\"image\/jpeg\" \/>\n<meta name=\"twitter:card\" content=\"summary_large_image\" \/>\n<meta name=\"twitter:label1\" content=\"Est. reading time\" \/>\n\t<meta name=\"twitter:data1\" content=\"6 minutes\" \/>\n<script type=\"application\/ld+json\" class=\"yoast-schema-graph\">{\"@context\":\"https:\\\/\\\/schema.org\",\"@graph\":[{\"@type\":\"WebPage\",\"@id\":\"https:\\\/\\\/www.labulleworkplace.com\\\/en\\\/the-concept\\\/\",\"url\":\"https:\\\/\\\/www.labulleworkplace.com\\\/en\\\/the-concept\\\/\",\"name\":\"Le concept | La Bulle Workplace - Espace de s\u00e9minaire \u00e0 Lyon\",\"isPartOf\":{\"@id\":\"https:\\\/\\\/www.labulleworkplace.com\\\/#website\"},\"datePublished\":\"2017-08-07T10:14:54+00:00\",\"dateModified\":\"2023-10-30T11:53:52+00:00\",\"description\":\"Faites le plein d'\u00e9nergie positive dans un espace de s\u00e9minaire stimulant, apaisant et convivial. Le lieu id\u00e9al pour travailler autrement, plus efficacement !\",\"breadcrumb\":{\"@id\":\"https:\\\/\\\/www.labulleworkplace.com\\\/en\\\/the-concept\\\/#breadcrumb\"},\"inLanguage\":\"en-US\",\"potentialAction\":[{\"@type\":\"ReadAction\",\"target\":[\"https:\\\/\\\/www.labulleworkplace.com\\\/en\\\/the-concept\\\/\"]}]},{\"@type\":\"BreadcrumbList\",\"@id\":\"https:\\\/\\\/www.labulleworkplace.com\\\/en\\\/the-concept\\\/#breadcrumb\",\"itemListElement\":[{\"@type\":\"ListItem\",\"position\":1,\"name\":\"Accueil\",\"item\":\"https:\\\/\\\/www.labulleworkplace.com\\\/en\\\/\"},{\"@type\":\"ListItem\",\"position\":2,\"name\":\"The concept\"}]},{\"@type\":\"WebSite\",\"@id\":\"https:\\\/\\\/www.labulleworkplace.com\\\/#website\",\"url\":\"https:\\\/\\\/www.labulleworkplace.com\\\/\",\"name\":\"La Bulle workplace\",\"description\":\"Just another WordPress site\",\"publisher\":{\"@id\":\"https:\\\/\\\/www.labulleworkplace.com\\\/#organization\"},\"potentialAction\":[{\"@type\":\"SearchAction\",\"target\":{\"@type\":\"EntryPoint\",\"urlTemplate\":\"https:\\\/\\\/www.labulleworkplace.com\\\/?s={search_term_string}\"},\"query-input\":{\"@type\":\"PropertyValueSpecification\",\"valueRequired\":true,\"valueName\":\"search_term_string\"}}],\"inLanguage\":\"en-US\"},{\"@type\":\"Organization\",\"@id\":\"https:\\\/\\\/www.labulleworkplace.com\\\/#organization\",\"name\":\"La Bulle Workplace\",\"url\":\"https:\\\/\\\/www.labulleworkplace.com\\\/\",\"logo\":{\"@type\":\"ImageObject\",\"inLanguage\":\"en-US\",\"@id\":\"https:\\\/\\\/www.labulleworkplace.com\\\/#\\\/schema\\\/logo\\\/image\\\/\",\"url\":\"https:\\\/\\\/www.labulleworkplace.com\\\/wp-content\\\/uploads\\\/2017\\\/10\\\/logo-labulle-224x261-1.gif\",\"contentUrl\":\"https:\\\/\\\/www.labulleworkplace.com\\\/wp-content\\\/uploads\\\/2017\\\/10\\\/logo-labulle-224x261-1.gif\",\"width\":224,\"height\":261,\"caption\":\"La Bulle Workplace\"},\"image\":{\"@id\":\"https:\\\/\\\/www.labulleworkplace.com\\\/#\\\/schema\\\/logo\\\/image\\\/\"},\"sameAs\":[\"https:\\\/\\\/www.facebook.com\\\/La-Bulle-Workplace-1918515781758632\\\/\",\"https:\\\/\\\/www.instagram.com\\\/labulleworkplace\\\/\",\"https:\\\/\\\/www.linkedin.com\\\/company\\\/11254312\\\/\"]}]}<\/script>\n<!-- \/ Yoast SEO plugin. -->","yoast_head_json":{"title":"Le concept | La Bulle Workplace - Espace de s\u00e9minaire \u00e0 Lyon","description":"Faites le plein d'\u00e9nergie positive dans un espace de s\u00e9minaire stimulant, apaisant et convivial. Le lieu id\u00e9al pour travailler autrement, plus efficacement !","robots":{"index":"index","follow":"follow","max-snippet":"max-snippet:-1","max-image-preview":"max-image-preview:large","max-video-preview":"max-video-preview:-1"},"canonical":"https:\/\/www.labulleworkplace.com\/en\/the-concept\/","og_locale":"en_US","og_type":"article","og_title":"Le concept | La Bulle Workplace - Espace de s\u00e9minaire \u00e0 Lyon","og_description":"Faites le plein d'\u00e9nergie positive dans un espace de s\u00e9minaire stimulant, apaisant et convivial. Le lieu id\u00e9al pour travailler autrement, plus efficacement !","og_url":"https:\/\/www.labulleworkplace.com\/en\/the-concept\/","og_site_name":"La Bulle workplace","article_publisher":"https:\/\/www.facebook.com\/La-Bulle-Workplace-1918515781758632\/","article_modified_time":"2023-10-30T11:53:52+00:00","og_image":[{"width":1400,"height":647,"url":"https:\/\/www.labulleworkplace.com\/wp-content\/uploads\/2021\/03\/slider-home-01-seminaire-lyon-live-streaming.jpg","type":"image\/jpeg"}],"twitter_card":"summary_large_image","twitter_misc":{"Est. reading time":"6 minutes"},"schema":{"@context":"https:\/\/schema.org","@graph":[{"@type":"WebPage","@id":"https:\/\/www.labulleworkplace.com\/en\/the-concept\/","url":"https:\/\/www.labulleworkplace.com\/en\/the-concept\/","name":"Le concept | La Bulle Workplace - Espace de s\u00e9minaire \u00e0 Lyon","isPartOf":{"@id":"https:\/\/www.labulleworkplace.com\/#website"},"datePublished":"2017-08-07T10:14:54+00:00","dateModified":"2023-10-30T11:53:52+00:00","description":"Faites le plein d'\u00e9nergie positive dans un espace de s\u00e9minaire stimulant, apaisant et convivial. Le lieu id\u00e9al pour travailler autrement, plus efficacement !","breadcrumb":{"@id":"https:\/\/www.labulleworkplace.com\/en\/the-concept\/#breadcrumb"},"inLanguage":"en-US","potentialAction":[{"@type":"ReadAction","target":["https:\/\/www.labulleworkplace.com\/en\/the-concept\/"]}]},{"@type":"BreadcrumbList","@id":"https:\/\/www.labulleworkplace.com\/en\/the-concept\/#breadcrumb","itemListElement":[{"@type":"ListItem","position":1,"name":"Accueil","item":"https:\/\/www.labulleworkplace.com\/en\/"},{"@type":"ListItem","position":2,"name":"The concept"}]},{"@type":"WebSite","@id":"https:\/\/www.labulleworkplace.com\/#website","url":"https:\/\/www.labulleworkplace.com\/","name":"La Bulle workplace","description":"Just another WordPress site","publisher":{"@id":"https:\/\/www.labulleworkplace.com\/#organization"},"potentialAction":[{"@type":"SearchAction","target":{"@type":"EntryPoint","urlTemplate":"https:\/\/www.labulleworkplace.com\/?s={search_term_string}"},"query-input":{"@type":"PropertyValueSpecification","valueRequired":true,"valueName":"search_term_string"}}],"inLanguage":"en-US"},{"@type":"Organization","@id":"https:\/\/www.labulleworkplace.com\/#organization","name":"La Bulle Workplace","url":"https:\/\/www.labulleworkplace.com\/","logo":{"@type":"ImageObject","inLanguage":"en-US","@id":"https:\/\/www.labulleworkplace.com\/#\/schema\/logo\/image\/","url":"https:\/\/www.labulleworkplace.com\/wp-content\/uploads\/2017\/10\/logo-labulle-224x261-1.gif","contentUrl":"https:\/\/www.labulleworkplace.com\/wp-content\/uploads\/2017\/10\/logo-labulle-224x261-1.gif","width":224,"height":261,"caption":"La Bulle Workplace"},"image":{"@id":"https:\/\/www.labulleworkplace.com\/#\/schema\/logo\/image\/"},"sameAs":["https:\/\/www.facebook.com\/La-Bulle-Workplace-1918515781758632\/","https:\/\/www.instagram.com\/labulleworkplace\/","https:\/\/www.linkedin.com\/company\/11254312\/"]}]}},"_links":{"self":[{"href":"https:\/\/www.labulleworkplace.com\/en\/wp-json\/wp\/v2\/pages\/29293","targetHints":{"allow":["GET"]}}],"collection":[{"href":"https:\/\/www.labulleworkplace.com\/en\/wp-json\/wp\/v2\/pages"}],"about":[{"href":"https:\/\/www.labulleworkplace.com\/en\/wp-json\/wp\/v2\/types\/page"}],"author":[{"embeddable":true,"href":"https:\/\/www.labulleworkplace.com\/en\/wp-json\/wp\/v2\/users\/1"}],"replies":[{"embeddable":true,"href":"https:\/\/www.labulleworkplace.com\/en\/wp-json\/wp\/v2\/comments?post=29293"}],"version-history":[{"count":3,"href":"https:\/\/www.labulleworkplace.com\/en\/wp-json\/wp\/v2\/pages\/29293\/revisions"}],"predecessor-version":[{"id":32996,"href":"https:\/\/www.labulleworkplace.com\/en\/wp-json\/wp\/v2\/pages\/29293\/revisions\/32996"}],"wp:attachment":[{"href":"https:\/\/www.labulleworkplace.com\/en\/wp-json\/wp\/v2\/media?parent=29293"}],"curies":[{"name":"wp","href":"https:\/\/api.w.org\/{rel}","templated":true}]}}